{"id":189,"date":"2023-07-17T11:50:29","date_gmt":"2023-07-17T11:50:29","guid":{"rendered":"https:\/\/restaurantedalhaisal.com\/?page_id=189"},"modified":"2023-07-17T11:53:20","modified_gmt":"2023-07-17T11:53:20","slug":"accesibilidad","status":"publish","type":"page","link":"https:\/\/restaurantedalhaisal.com\/en\/accesibilidad\/","title":{"rendered":"ACCESIBILIDAD"},"content":{"rendered":"<div data-elementor-type=\"wp-page\" data-elementor-id=\"189\" class=\"elementor elementor-189\" data-elementor-post-type=\"page\">\n\t\t\t\t\t\t<section class=\"elementor-section elementor-top-section elementor-element elementor-element-6d46b82 elementor-section-height-min-height elementor-section-boxed elementor-section-height-default elementor-section-items-middle\" data-id=\"6d46b82\" data-element_type=\"section\">\n\t\t\t\t\t\t<div class=\"elementor-container elementor-column-gap-default\">\n\t\t\t\t\t<div class=\"elementor-column elementor-col-100 elementor-top-column elementor-element elementor-element-f33dff6\" data-id=\"f33dff6\" data-element_type=\"column\">\n\t\t\t<div class=\"elementor-widget-wrap elementor-element-populated\">\n\t\t\t\t\t\t<div class=\"elementor-element elementor-element-9883cb9 elementor-widget elementor-widget-heading\" data-id=\"9883cb9\" data-element_type=\"widget\" data-widget_type=\"heading.default\">\n\t\t\t\t<div class=\"elementor-widget-container\">\n\t\t\t\t\t<h2 class=\"elementor-heading-title elementor-size-default\">ACCESIBILIDAD<\/h2>\t\t\t\t<\/div>\n\t\t\t\t<\/div>\n\t\t\t\t<div class=\"elementor-element elementor-element-f40a5cb elementor-widget elementor-widget-text-editor\" data-id=\"f40a5cb\" data-element_type=\"widget\" data-widget_type=\"text-editor.default\">\n\t\t\t\t<div class=\"elementor-widget-container\">\n\t\t\t\t\t\t\t\t\t<p><strong>OBSERVACIONES Y DATOS DE CONTACTO<\/strong><\/p><p>Puede realizar comunicaciones sobre requisitos de accesibilidad (articulo 10.2.a del RD 1112\/2018) como por ejemplo:<br \/>\u2022 Informar sobre cualquier posible incumplimiento por parte de este sitio web<br \/>\u2022 Transmitir otras dificultades de acceso al contenido<br \/>\u2022 Formular cualquier otra consulta o sugerencia de mejora relativa a la accesibilidad del sitio web<\/p><p>Puede presentar:<br \/>\u2022 Queja relativa al cumplimiento de los requisitos del RD 1112\/2018 o<br \/>\u2022 Solicitud de Informaci\u00f3n accesible relativa a:<br \/>Contenidos que est\u00e1n excluidos del \u00e1mbito de aplicaci\u00f3n del RD 1112\/2018 seg\u00fan lo establecido por el art\u00edculo 3, apartado 4<br \/>Contenidos que est\u00e1n exentos del cumplimiento de los requisitos de accesibilidad por imponer una carga desproporcionada.<br \/>En la Solicitud de informaci\u00f3n accesible, se debe concretar, con toda claridad, los hechos, razones y petici\u00f3n que permitan constatar que se trata de una solicitud razonable y leg\u00edtima.<\/p><p><strong>PROCEDIMIENTO DE APLICACI\u00d3N<\/strong><\/p><p>Si una vez realizada una solicitud de informaci\u00f3n accesible o queja, \u00e9sta hubiera sido desestimada, no se estuviera de acuerdo con la decisi\u00f3n adoptada, o la respuesta no cumpliera los requisitos contemplados en el art\u00edculo 12.5, la persona interesada podr\u00e1 iniciar una reclamaci\u00f3n. Igualmente se podr\u00e1 iniciar una reclamaci\u00f3n en el caso de que haya transcurrido el plazo de veinte d\u00edas h\u00e1biles sin haber obtenido respuesta.<br \/>La reclamaci\u00f3n puede ser presentada trav\u00e9s de la Instancia Gen\u00e9rica de la Sede electr\u00f3nica del Ministerio de Asuntos Econ\u00f3micos y Transformaci\u00f3n Digital , as\u00ed como en el resto de opciones recogidas en la Ley 39\/ 2015, de 1 de octubre, del Procedimiento Administrativo Com\u00fan de las Administraciones P\u00fablicas. Las reclamaciones ser\u00e1n recibidas y tratadas por la Subdirecci\u00f3n General de Inspecci\u00f3n de Servicios del Ministerio.<\/p><p><strong>CONTENIDO OPCIONAL<\/strong><\/p><p>Este portal esta dise\u00f1ado para poder cambiar el tama\u00f1o del texto y el color, as\u00ed como el fondo de la pagina mediante las opciones de configuraci\u00f3n est\u00e1ndar de los navegadores.<br \/>Si desea cambiar el tama\u00f1o de letra del texto en los principales navegadores gr\u00e1ficos utilice los siguientes men\u00fas:<br \/>\u2022 Internet Explorer, Mozilla y Firefox: Ver &gt; Tama\u00f1o del texto<br \/>\u2022 Opera: Ver &gt; Zoom<br \/>\u2022 Safari: Ver &gt; Hacer el texto mas grande<br \/>\u2022 Chrome: Controla la pagina actual &gt; Tama\u00f1o del texto<\/p><p>Para modificar el tama\u00f1o de todo en la pagina:<br \/>\u2022 Ctrl + + para aumentarlo<br \/>\u2022 Ctrl + \u2013 para disminuirlo<br \/>\u2022 Ctrl + 0 restaura el tama\u00f1o original del texto<\/p><p>Si lo que quiere es anular la hoja de estilos o modificar el color del texto, puede consultar la pagina How to Change Text Size or Colors de la WAI, que se puede leer traducida al espa\u00f1ol en \u00bfC\u00f3mo cambiar el tama\u00f1o del texto o colores?<\/p><p>\u00a0<\/p>\t\t\t\t\t\t\t\t<\/div>\n\t\t\t\t<\/div>\n\t\t\t\t\t<\/div>\n\t\t<\/div>\n\t\t\t\t\t<\/div>\n\t\t<\/section>\n\t\t\t\t<\/div>","protected":false},"excerpt":{"rendered":"<p>ACCESIBILIDAD OBSERVACIONES Y DATOS DE CONTACTO Puede realizar comunicaciones sobre requisitos de accesibilidad (articulo 10.2.a del RD 1112\/2018) como por ejemplo:\u2022 Informar sobre cualquier posible incumplimiento por parte de este sitio web\u2022 Transmitir otras dificultades de acceso al contenido\u2022 Formular cualquier otra consulta o sugerencia de mejora relativa a la accesibilidad del sitio web Puede &#8230; <a title=\"ACCESIBILIDAD\" class=\"read-more\" href=\"https:\/\/restaurantedalhaisal.com\/en\/accesibilidad\/\" aria-label=\"Read more about ACCESIBILIDAD\">Read more<\/a><\/p>","protected":false},"author":1,"featured_media":0,"parent":0,"menu_order":0,"comment_status":"closed","ping_status":"closed","template":"","meta":{"_uf_show_specific_survey":0,"_uf_disable_surveys":false,"footnotes":""},"class_list":["post-189","page","type-page","status-publish"],"yoast_head":"<!-- This site is optimized with the Yoast SEO plugin v26.4 - https:\/\/yoast.com\/wordpress\/plugins\/seo\/ -->\n<title>ACCESIBILIDAD - Restaurante Dalhaisal<\/title>\n<meta name=\"robots\" content=\"index, follow, max-snippet:-1, max-image-preview:large, max-video-preview:-1\" \/>\n<link rel=\"canonical\" href=\"https:\/\/restaurantedalhaisal.com\/en\/accesibilidad\/\" \/>\n<meta property=\"og:locale\" content=\"en_GB\" \/>\n<meta property=\"og:type\" content=\"article\" \/>\n<meta property=\"og:title\" content=\"ACCESIBILIDAD - Restaurante Dalhaisal\" \/>\n<meta property=\"og:description\" content=\"ACCESIBILIDAD OBSERVACIONES Y DATOS DE CONTACTO Puede realizar comunicaciones sobre requisitos de accesibilidad (articulo 10.2.a del RD 1112\/2018) como por ejemplo:\u2022 Informar sobre cualquier posible incumplimiento por parte de este sitio web\u2022 Transmitir otras dificultades de acceso al contenido\u2022 Formular cualquier otra consulta o sugerencia de mejora relativa a la accesibilidad del sitio web Puede ... Read more\" \/>\n<meta property=\"og:url\" content=\"https:\/\/restaurantedalhaisal.com\/en\/accesibilidad\/\" \/>\n<meta property=\"og:site_name\" content=\"Restaurante Dalhaisal\" \/>\n<meta property=\"article:modified_time\" content=\"2023-07-17T11:53:20+00:00\" \/>\n<meta name=\"twitter:card\" content=\"summary_large_image\" \/>\n<meta name=\"twitter:label1\" content=\"Estimated reading time\" \/>\n\t<meta name=\"twitter:data1\" content=\"2 minutes\" \/>\n<script type=\"application\/ld+json\" class=\"yoast-schema-graph\">{\"@context\":\"https:\/\/schema.org\",\"@graph\":[{\"@type\":\"WebPage\",\"@id\":\"https:\/\/restaurantedalhaisal.com\/en\/accesibilidad\/\",\"url\":\"https:\/\/restaurantedalhaisal.com\/en\/accesibilidad\/\",\"name\":\"ACCESIBILIDAD - Restaurante Dalhaisal\",\"isPartOf\":{\"@id\":\"https:\/\/restaurantedalhaisal.com\/en\/#website\"},\"datePublished\":\"2023-07-17T11:50:29+00:00\",\"dateModified\":\"2023-07-17T11:53:20+00:00\",\"breadcrumb\":{\"@id\":\"https:\/\/restaurantedalhaisal.com\/en\/accesibilidad\/#breadcrumb\"},\"inLanguage\":\"en-GB\",\"potentialAction\":[{\"@type\":\"ReadAction\",\"target\":[\"https:\/\/restaurantedalhaisal.com\/en\/accesibilidad\/\"]}]},{\"@type\":\"BreadcrumbList\",\"@id\":\"https:\/\/restaurantedalhaisal.com\/en\/accesibilidad\/#breadcrumb\",\"itemListElement\":[{\"@type\":\"ListItem\",\"position\":1,\"name\":\"Portada\",\"item\":\"https:\/\/restaurantedalhaisal.com\/\"},{\"@type\":\"ListItem\",\"position\":2,\"name\":\"ACCESIBILIDAD\"}]},{\"@type\":\"WebSite\",\"@id\":\"https:\/\/restaurantedalhaisal.com\/en\/#website\",\"url\":\"https:\/\/restaurantedalhaisal.com\/en\/\",\"name\":\"Restaurante Dalhaisal\",\"description\":\"Cocina creativa fusionada con cocina tradicional\",\"publisher\":{\"@id\":\"https:\/\/restaurantedalhaisal.com\/en\/#organization\"},\"potentialAction\":[{\"@type\":\"SearchAction\",\"target\":{\"@type\":\"EntryPoint\",\"urlTemplate\":\"https:\/\/restaurantedalhaisal.com\/en\/?s={search_term_string}\"},\"query-input\":{\"@type\":\"PropertyValueSpecification\",\"valueRequired\":true,\"valueName\":\"search_term_string\"}}],\"inLanguage\":\"en-GB\"},{\"@type\":\"Organization\",\"@id\":\"https:\/\/restaurantedalhaisal.com\/en\/#organization\",\"name\":\"Restaurante Dalhaisal\",\"url\":\"https:\/\/restaurantedalhaisal.com\/en\/\",\"logo\":{\"@type\":\"ImageObject\",\"inLanguage\":\"en-GB\",\"@id\":\"https:\/\/restaurantedalhaisal.com\/en\/#\/schema\/logo\/image\/\",\"url\":\"https:\/\/restaurantedalhaisal.com\/wp-content\/uploads\/2023\/07\/cropped-Restaurante-Dalhaisal.png\",\"contentUrl\":\"https:\/\/restaurantedalhaisal.com\/wp-content\/uploads\/2023\/07\/cropped-Restaurante-Dalhaisal.png\",\"width\":679,\"height\":473,\"caption\":\"Restaurante Dalhaisal\"},\"image\":{\"@id\":\"https:\/\/restaurantedalhaisal.com\/en\/#\/schema\/logo\/image\/\"}}]}<\/script>\n<!-- \/ Yoast SEO plugin. -->","yoast_head_json":{"title":"ACCESIBILIDAD - Restaurante Dalhaisal","robots":{"index":"index","follow":"follow","max-snippet":"max-snippet:-1","max-image-preview":"max-image-preview:large","max-video-preview":"max-video-preview:-1"},"canonical":"https:\/\/restaurantedalhaisal.com\/en\/accesibilidad\/","og_locale":"en_GB","og_type":"article","og_title":"ACCESIBILIDAD - Restaurante Dalhaisal","og_description":"ACCESIBILIDAD OBSERVACIONES Y DATOS DE CONTACTO Puede realizar comunicaciones sobre requisitos de accesibilidad (articulo 10.2.a del RD 1112\/2018) como por ejemplo:\u2022 Informar sobre cualquier posible incumplimiento por parte de este sitio web\u2022 Transmitir otras dificultades de acceso al contenido\u2022 Formular cualquier otra consulta o sugerencia de mejora relativa a la accesibilidad del sitio web Puede ... Read more","og_url":"https:\/\/restaurantedalhaisal.com\/en\/accesibilidad\/","og_site_name":"Restaurante Dalhaisal","article_modified_time":"2023-07-17T11:53:20+00:00","twitter_card":"summary_large_image","twitter_misc":{"Estimated reading time":"2 minutes"},"schema":{"@context":"https:\/\/schema.org","@graph":[{"@type":"WebPage","@id":"https:\/\/restaurantedalhaisal.com\/en\/accesibilidad\/","url":"https:\/\/restaurantedalhaisal.com\/en\/accesibilidad\/","name":"ACCESIBILIDAD - Restaurante Dalhaisal","isPartOf":{"@id":"https:\/\/restaurantedalhaisal.com\/en\/#website"},"datePublished":"2023-07-17T11:50:29+00:00","dateModified":"2023-07-17T11:53:20+00:00","breadcrumb":{"@id":"https:\/\/restaurantedalhaisal.com\/en\/accesibilidad\/#breadcrumb"},"inLanguage":"en-GB","potentialAction":[{"@type":"ReadAction","target":["https:\/\/restaurantedalhaisal.com\/en\/accesibilidad\/"]}]},{"@type":"BreadcrumbList","@id":"https:\/\/restaurantedalhaisal.com\/en\/accesibilidad\/#breadcrumb","itemListElement":[{"@type":"ListItem","position":1,"name":"Portada","item":"https:\/\/restaurantedalhaisal.com\/"},{"@type":"ListItem","position":2,"name":"ACCESIBILIDAD"}]},{"@type":"WebSite","@id":"https:\/\/restaurantedalhaisal.com\/en\/#website","url":"https:\/\/restaurantedalhaisal.com\/en\/","name":"Restaurante Dalhaisal","description":"Cocina creativa fusionada con cocina tradicional","publisher":{"@id":"https:\/\/restaurantedalhaisal.com\/en\/#organization"},"potentialAction":[{"@type":"SearchAction","target":{"@type":"EntryPoint","urlTemplate":"https:\/\/restaurantedalhaisal.com\/en\/?s={search_term_string}"},"query-input":{"@type":"PropertyValueSpecification","valueRequired":true,"valueName":"search_term_string"}}],"inLanguage":"en-GB"},{"@type":"Organization","@id":"https:\/\/restaurantedalhaisal.com\/en\/#organization","name":"Restaurante Dalhaisal","url":"https:\/\/restaurantedalhaisal.com\/en\/","logo":{"@type":"ImageObject","inLanguage":"en-GB","@id":"https:\/\/restaurantedalhaisal.com\/en\/#\/schema\/logo\/image\/","url":"https:\/\/restaurantedalhaisal.com\/wp-content\/uploads\/2023\/07\/cropped-Restaurante-Dalhaisal.png","contentUrl":"https:\/\/restaurantedalhaisal.com\/wp-content\/uploads\/2023\/07\/cropped-Restaurante-Dalhaisal.png","width":679,"height":473,"caption":"Restaurante Dalhaisal"},"image":{"@id":"https:\/\/restaurantedalhaisal.com\/en\/#\/schema\/logo\/image\/"}}]}},"_links":{"self":[{"href":"https:\/\/restaurantedalhaisal.com\/en\/wp-json\/wp\/v2\/pages\/189","targetHints":{"allow":["GET"]}}],"collection":[{"href":"https:\/\/restaurantedalhaisal.com\/en\/wp-json\/wp\/v2\/pages"}],"about":[{"href":"https:\/\/restaurantedalhaisal.com\/en\/wp-json\/wp\/v2\/types\/page"}],"author":[{"embeddable":true,"href":"https:\/\/restaurantedalhaisal.com\/en\/wp-json\/wp\/v2\/users\/1"}],"replies":[{"embeddable":true,"href":"https:\/\/restaurantedalhaisal.com\/en\/wp-json\/wp\/v2\/comments?post=189"}],"version-history":[{"count":7,"href":"https:\/\/restaurantedalhaisal.com\/en\/wp-json\/wp\/v2\/pages\/189\/revisions"}],"predecessor-version":[{"id":197,"href":"https:\/\/restaurantedalhaisal.com\/en\/wp-json\/wp\/v2\/pages\/189\/revisions\/197"}],"wp:attachment":[{"href":"https:\/\/restaurantedalhaisal.com\/en\/wp-json\/wp\/v2\/media?parent=189"}],"curies":[{"name":"wp","href":"https:\/\/api.w.org\/{rel}","templated":true}]}}