{"id":179,"date":"2023-07-17T11:36:19","date_gmt":"2023-07-17T11:36:19","guid":{"rendered":"https:\/\/restaurantedalhaisal.com\/?page_id=179"},"modified":"2024-01-18T19:40:17","modified_gmt":"2024-01-18T19:40:17","slug":"politica-de-privacidad","status":"publish","type":"page","link":"https:\/\/restaurantedalhaisal.com\/en\/politica-de-privacidad\/","title":{"rendered":"POL\u00cdTICAS DE PRIVACIDAD"},"content":{"rendered":"<div data-elementor-type=\"wp-page\" data-elementor-id=\"179\" class=\"elementor elementor-179\" data-elementor-post-type=\"page\">\n\t\t\t\t\t\t<section class=\"elementor-section elementor-top-section elementor-element elementor-element-acb5abc elementor-section-boxed elementor-section-height-default elementor-section-height-default\" data-id=\"acb5abc\" data-element_type=\"section\">\n\t\t\t\t\t\t<div class=\"elementor-container elementor-column-gap-default\">\n\t\t\t\t\t<div class=\"elementor-column elementor-col-100 elementor-top-column elementor-element elementor-element-ec53772\" data-id=\"ec53772\" data-element_type=\"column\">\n\t\t\t<div class=\"elementor-widget-wrap elementor-element-populated\">\n\t\t\t\t\t\t<div class=\"elementor-element elementor-element-9321d47 elementor-widget elementor-widget-heading\" data-id=\"9321d47\" data-element_type=\"widget\" data-widget_type=\"heading.default\">\n\t\t\t\t<div class=\"elementor-widget-container\">\n\t\t\t\t\t<h2 class=\"elementor-heading-title elementor-size-default\">POL\u00cdTICAS DE PRIVACIDAD<\/h2>\t\t\t\t<\/div>\n\t\t\t\t<\/div>\n\t\t\t\t<div class=\"elementor-element elementor-element-2e131c8 elementor-widget elementor-widget-text-editor\" data-id=\"2e131c8\" data-element_type=\"widget\" data-widget_type=\"text-editor.default\">\n\t\t\t\t<div class=\"elementor-widget-container\">\n\t\t\t\t\t\t\t\t\t<p>El cumplimiento de la Ley 34\/2002, de 11 de julio, de Servicios de la Sociedad de la Informaci\u00f3n y Comercio Electr\u00f3nico (LSSICE) es obligatorio para todos los usuarios o empresas que desarrollen actividades econ\u00f3micas en Internet, o en medios de la Sociedad de la Informaci\u00f3n. Es decir, todas las p\u00e1ginas web, eCommerce, tiendas virtuales, servicios de forma directa o indirecta en la que vendan productos u obtengan ingresos de forma indirecta a trav\u00e9s de publicidad, patrocinio, afiliaci\u00f3n, RRSS, etc..) deben cumplir esta normativa. Por tanto, si tiene una web, deber\u00e1 cumplir con la LSSICE.<\/p><div class=\"textLayer\" data-main-rotation=\"0\"><strong><span id=\"p87R_mc2\" class=\"markedContent\"><span dir=\"ltr\" role=\"presentation\">1.<\/span><span dir=\"ltr\" role=\"presentation\">&#8211;<\/span> <span dir=\"ltr\" role=\"presentation\">TITULARIDAD DEL SITIO WEB<\/span><\/span><\/strong><\/div><div data-main-rotation=\"0\">\u00a0<\/div><p>Los usuarios y usuarias el presente texto para cumplir con las obligaciones establecidas en la Ley 34\/2002, de 11 julio, de Servicios de la Sociedad de la Informaci\u00f3n y del Comercio Electr\u00f3nico, as\u00ed como informar a todos los usuarios y usuarias del sitio web respecto a cu\u00e1les son las condiciones de uso del mismo.<\/p><p>Toda persona que acceda a este sitio web asume la condici\u00f3n de usuario y se compromete a la observancia y cumplimiento de las disposiciones expuestas y legalmente aplicables. El Responsable del sitio web, <strong>M\u00aa ISABEL MARTINEZ DEL RIO<\/strong> se reserva el derecho a modificar cualquier tipo de informaci\u00f3n que pudiera aparecer en el sitio web, sin que exista obligaci\u00f3n de aviso previo o poner en conocimiento de los usuarios dichas obligaciones, entendi\u00e9ndose como suficiente con la publicaci\u00f3n en el sitio web.<\/p><p><strong>2.- CONDICIONES GENERALES<\/strong><\/p><p>El acceso a esta p\u00e1gina web implica la aceptaci\u00f3n de las condiciones legales y los t\u00e9rminos de uso en ella establecidos. Su acceso no implicar\u00e1, en ning\u00fan caso, el establecimiento de una relaci\u00f3n comercial entre la empresa titular del sitio web y el usuario o usuaria que en todo caso accede de forma voluntaria a esta p\u00e1gina.<\/p><p><strong>3.- CONTENIDOS<\/strong><\/p><p>M\u00aa ISABEL MARTINEZ DEL RIO se reserva el derecho a modificar el contenido de la p\u00e1gina web de la que es titular en cualquier momento. M\u00aa ISABEL MARTINEZ DEL RIO no se responsabiliza de las consecuencias derivadas de los errores que pudiesen aparecer en los contenidos publicados en este sitio web. Queda prohibida la inclusi\u00f3n y comunicaci\u00f3n de contenidos falsos o inexactos por parte de los usuarios\/as y que puedan inducir a error al resto de usuarios o al personal de la empresa.<\/p><p><strong>4.- PROPIEDAD INTELECTUAL E INDUSTRIAL<\/strong><\/p><p>Este sitio web y los contenidos que alberga se encuentran protegidos por la legislaci\u00f3n vigente en materia de propiedad intelectual. Se proh\u00edbe la<br \/>modificaci\u00f3n, copia, reproducci\u00f3n, descarga, transmisi\u00f3n, distribuci\u00f3n o transformaci\u00f3n de los contenidos de esta p\u00e1gina web sin la autorizaci\u00f3n del<br \/>titular de los derechos. El acceso a esta p\u00e1gina web no presupone la adquisici\u00f3n por parte de los usuarios de derechos de propiedad y\/o uso de los contenidos que en \u00e9sta figuren. Las referencias a marcas comerciales o signos distintivos propiedad de M\u00aa ISABEL MARTINEZ DEL RIO llevan impl\u00edcitas la prohibici\u00f3n de uso por persona o entidad distinta a su titular sin el consentimiento expreso de M\u00aa ISABEL MARTINEZ DEL RIO.<\/p><p><strong>5.- PROTECCI\u00d3N DE DATOS Y POL\u00cdTICA DE PRIVACIDAD<\/strong><\/p><p>En virtud del Reglamento (UE) 2016\/679 del Parlamento Europeo y del Consejo, de 27 de abril de 2016, relativo a la protecci\u00f3n de las personas f\u00edsicas en lo que respecta al tratamiento de datos personales y a la libre circulaci\u00f3n de estos datos y por el que se deroga la Directiva 95\/46\/CE (en adelante, Reglamento General de Protecci\u00f3n de Datos) y resto de normativa vigente, el titular de este sitio web, M\u00aa ISABEL MARTINEZ DEL RIO informa al usuario\/a de la existencia de una base de datos de car\u00e1cter personal de su titularidad. Para m\u00e1s informaci\u00f3n sobre c\u00f3mo tratamos sus datos, acceda a nuestra <a href=\"https:\/\/restaurantedalhaisal.com\/en\/politica-de-privacidad\/\">Pol\u00edtica de privacidad.<\/a><\/p><p><br \/><strong>6.- L\u00cdMITES A LA RESPONSABILIDAD<\/strong><\/p><p><br \/>El titular de este sitio web, M\u00aa ISABEL MARTINEZ DEL RIO no puede garantizar la inexistencia de virus u otros elementos peligrosos que pudiesen causar da\u00f1os en los soportes inform\u00e1ticos de los usuarios y usuarias, no responsabiliz\u00e1ndose de los perjuicios que se pudiesen causar. Asimismo, tampoco se hace responsable del mal uso que los usuarios puedan hacer de este sitio web.<\/p><p><br \/><strong>7.- LEGISLACI\u00d3N APLICABLE Y JURISDICCI\u00d3N COMPETENTE<\/strong><\/p><p><br \/>Los t\u00e9rminos y condiciones expuestas en esta p\u00e1gina web y las relaciones que de su uso pudieran derivarse est\u00e1n sujetas a la legislaci\u00f3n espa\u00f1ola vigente. La resoluci\u00f3n de cualquier controversia, litio o discrepancia que pudiera surgir entre el usuario\/a y M\u00aa ISABEL MARTINEZ DEL RIO quedar\u00e1 sometida a la competencia territorial de los juzgados y tribunales de VIGO (Espa\u00f1a).<\/p><p>Nuestra Pol\u00edtica de Privacidad establece los t\u00e9rminos en que M\u00aa ISABEL MARTINEZ DEL RIO usa y protege la informaci\u00f3n que es proporcionada por sus usuarios en el momento de utilizar nuestro sitio web. Esta compa\u00f1\u00eda est\u00e1 comprometida con la seguridad de los datos de sus usuarios y usuarias. Cuando le pedimos llenar los campos de informaci\u00f3n personal, lo hacemos asegurando que s\u00f3lo se emplear\u00e1 de acuerdo con los t\u00e9rminos de este documento. Sin embargo, esta Pol\u00edtica de Privacidad puede cambiar con el tiempo o ser actualizada por lo que le recomendamos y enfatizamos que revise continuamente esta p\u00e1gina para asegurarse que est\u00e1 de acuerdo con dichos cambios.<br \/>Esta p\u00e1gina web se rige por la normativa aplicable en Espa\u00f1a, y especialmente, a la Ley 34\/2002, de 11 de Julio, de Servicios de la Sociedad de la Informaci\u00f3n y de Comercio Electr\u00f3nico y al REGLAMENTO (UE) 2016\/679 del Parlamento Europeo y del Consejo de 27 de abril de 2016 relativo a la protecci\u00f3n de las personas f\u00edsicas en lo que respecta al tratamiento de datos personales y a la libre circulaci\u00f3n de<br \/>estos datos, resto de normativa actualmente vigente, la vigente Ley Org\u00e1nica 3\/2018, de 5 de diciembre, de Protecci\u00f3n de Datos Personales y garant\u00eda de los derechos digitales; quedando sometida a ella, tanto nacionales como extranjeros<br \/>que la utilicen.<\/p><p>M\u00aa ISABEL MARTINEZ DEL RIO como titular de esta p\u00e1gina web RESTAURANTEDALHAISAL.COM le informa que los datos solicitados a trav\u00e9s de<br \/>los formularios de recogida existentes en esta p\u00e1gina ser\u00e1n tratados, en todo momento, conforme a la normativa vigente en materia de protecci\u00f3n de datos de car\u00e1cter personal.<br \/>El acceso a nuestra p\u00e1gina web por parte del usuario o usuaria es gratuito y est\u00e1 condicionado a la previa lectura y aceptaci\u00f3n \u00edntegra, expresa y sin reservas de las condiciones generales de uso vigentes en el momento del acceso. Los usuarios\/as garantizar\u00e1n y responder\u00e1n, en cualquier caso, de la veracidad, exactitud y autenticidad de los datos de car\u00e1cter personal facilitados. Si la persona usuaria va a facilitar datos de car\u00e1cter personal de terceros a trav\u00e9s de la presente p\u00e1gina Web, deber\u00e1 informar previamente a \u00e9stos, del contenido de la cl\u00e1usula de protecci\u00f3n de datos que sea aplicable para la usuaria\/o, as\u00ed como obtener su consentimiento, siempre que fuere preciso. En virtud de la legislaci\u00f3n vigente se requiere la edad m\u00ednima de 14 a\u00f1os para proporcionar datos de car\u00e1cter personal en este sitio web.<br \/><strong>\u2022 Informaci\u00f3n que es recogida:<\/strong> Nuestro sitio web podr\u00e1 recoger la siguiente informaci\u00f3n personal: nombre, informaci\u00f3n de contacto (como su direcci\u00f3n de correo electr\u00f3nico) e informaci\u00f3n demogr\u00e1fica. As\u00ed mismo cuando sea necesario podr\u00e1 ser requerida informaci\u00f3n espec\u00edfica para procesar sus solicitudes o realizar una entrega o facturaci\u00f3n.<br \/><strong>\u2022 Finalidad de la informaci\u00f3n recogida:<\/strong> Nuestro sitio web emplea la informaci\u00f3n con el fin de proporcionar el mejor servicio posible,<br \/>particularmente para mantener un registro de usuarios y mejorar nuestros productos y servicios. Es posible que sean enviados correos electr\u00f3nicos<br \/>peri\u00f3dicamente a trav\u00e9s de nuestro sitio con ofertas especiales, nuevos productos y otra informaci\u00f3n publicitaria que consideremos relevante para<br \/>usted o que pueda brindarle alg\u00fan beneficio, estos correos electr\u00f3nicos ser\u00e1n enviados a la direcci\u00f3n que usted proporcione y podr\u00e1n ser cancelados en cualquier momento.<br \/><strong>\u2022 Legitimaci\u00f3n:<\/strong> La base legal para el tratamiento de los datos es el consentimiento de las personas interesadas para la tramitaci\u00f3n y gesti\u00f3n de cualquier solicitud de informaci\u00f3n o consulta sobre nuestros servicios profesionales o la ejecuci\u00f3n de un contrato o precontrato obrante entre<br \/>ambas partes.<br \/>\u2022 <strong>Garantizar la protecci\u00f3n de los datos:<\/strong> M\u00aa ISABEL MARTINEZ DEL RIO est\u00e1 altamente comprometido para cumplir con el deber de mantener su<br \/>informaci\u00f3n segura. Usamos los sistemas m\u00e1s avanzados y los actualizamos constantemente para asegurarnos que no exista ning\u00fan acceso no autorizado.<br \/><strong>\u2022 Plazo de conservaci\u00f3n de los datos:<\/strong> Sus datos se conservar\u00e1n mientras dure la relaci\u00f3n comercial con nosotros o ejercite su derecho de supresi\u00f3n, oposici\u00f3n o limitaci\u00f3n al tratamiento. Sin embargo, conservaremos determinados datos personales identificativos y del tr\u00e1fico durante el plazo m\u00e1ximo de 2 a\u00f1os para el caso de que fuera requerido por los Jueces y Tribunales o para incoar acciones internas derivadas del uso indebido de la p\u00e1gina web.<br \/><strong>\u2022 Cesi\u00f3n de datos:<\/strong> Esta compa\u00f1\u00eda no vender\u00e1, ceder\u00e1 ni distribuir\u00e1 la informaci\u00f3n personal que es recopilada sin su consentimiento. Dentro de la<br \/>relaci\u00f3n contractual establecida con los clientes y clientas, a sus datos personales de identificaci\u00f3n podr\u00e1n tener acceso terceros colaboradores con<br \/>la exclusiva finalidad de ejecutar el servicio contratado por el usuario. Usted podr\u00e1 negarse de forma expresa a la cesi\u00f3n de sus datos que como cliente haya facilitado en el momento de contratar las prestaciones de M\u00aa ISABEL MARTINEZ DEL RIO. Los datos que se faciliten al cubrir el formulario contenido en este sitio web no ser\u00e1n cedidos a ninguna otra empresa y pasar\u00e1n a formar parte del tratamiento de potenciales clientes registrado por M\u00aa ISABEL MARTINEZ DEL RIO.<br \/><strong>\u2022 Transferencia internacional de datos:<\/strong> M\u00aa ISABEL MARTINEZ DEL RIO no realiza transmisiones internacionales fuera de la Uni\u00f3n Europea de los datos de car\u00e1cter personal que somete a tratamiento.<br \/><strong>\u2022 Ejercicio de sus derechos:<\/strong> En calidad de interesada o interesado y titular de los datos de car\u00e1cter personal sometidos a tratamiento por parte de M\u00aa ISABEL MARTINEZ DEL RIO tiene derecho a ejercer los siguientes derechos:<\/p><p>&#8211; Derecho de acceso: derecho a conocer y obtener informaci\u00f3n sobre los datos que le sean propios y que estamos sometiendo a tratamiento.<br \/>&#8211; Derecho de rectificaci\u00f3n: derecho a corregir o modificar los datos proporcionados en su momento que sean inexactos o incompletos.<br \/>&#8211; Derecho de supresi\u00f3n: derecho a solicitar la eliminaci\u00f3n de los datos de car\u00e1cter personal sometidos a tratamiento por parte de M\u00aa ISABEL MARTINEZ DEL RIO<br \/>&#8211; Derecho de oposici\u00f3n: variante del derecho de supresi\u00f3n cuando la base del tratamiento sea el inter\u00e9s leg\u00edtimo.<br \/>&#8211; Derecho de limitaci\u00f3n: derecho a delimitar el uso de los datos personales hasta que \u00e9stos sean eliminados y\/o a limitar su eliminaci\u00f3n.<br \/>&#8211; Portabilidad de los datos: derecho a que sus datos sean facilitados a otro responsable del tratamiento sin impedimento alguno.<br \/>Usted tiene derecho a ejercer estos derechos en cualquier momento y a obtener respuesta a su solicitud por parte de M\u00aa ISABEL MARTINEZ DEL RIO en el plazo m\u00e1ximo de un mes, ampliable a tres por motivos justificados. Para el ejercicio de estos derechos deber\u00e1 enviar una solicitud en la que se adjunte una copia de su <strong>DNI a la direcci\u00f3n C\/ MANUEL DE CASTRO, N\u00ba9 &#8211; C.P 36210 VIGO (PONTEVEDRA)<\/strong><br \/><strong>o v\u00eda correo electr\u00f3nico a DALHAISALVIGO@GMAIL.COM<\/strong>. Asimismo, tiene derecho a presentar una reclamaci\u00f3n ante la autoridad de control competente, en este caso la Agencia Espa\u00f1ola de Protecci\u00f3n de Datos (aepd.es) si considerase vulnerados sus derechos en materia de protecci\u00f3n de datos de car\u00e1cter personal. M\u00aa ISABEL MARTINEZ DEL RIO se reserva el derecho de cambiar los t\u00e9rminos de la presente Pol\u00edtica de Privacidad en cualquier mom<\/p>\t\t\t\t\t\t\t\t<\/div>\n\t\t\t\t<\/div>\n\t\t\t\t\t<\/div>\n\t\t<\/div>\n\t\t\t\t\t<\/div>\n\t\t<\/section>\n\t\t\t\t<\/div>","protected":false},"excerpt":{"rendered":"<p>POL\u00cdTICAS DE PRIVACIDAD El cumplimiento de la Ley 34\/2002, de 11 de julio, de Servicios de la Sociedad de la Informaci\u00f3n y Comercio Electr\u00f3nico (LSSICE) es obligatorio para todos los usuarios o empresas que desarrollen actividades econ\u00f3micas en Internet, o en medios de la Sociedad de la Informaci\u00f3n. Es decir, todas las p\u00e1ginas web, eCommerce, &#8230; <a title=\"POL\u00cdTICAS DE PRIVACIDAD\" class=\"read-more\" href=\"https:\/\/restaurantedalhaisal.com\/en\/politica-de-privacidad\/\" aria-label=\"Read more about POL\u00cdTICAS DE PRIVACIDAD\">Read more<\/a><\/p>","protected":false},"author":1,"featured_media":0,"parent":0,"menu_order":0,"comment_status":"closed","ping_status":"closed","template":"","meta":{"_uf_show_specific_survey":0,"_uf_disable_surveys":false,"footnotes":""},"class_list":["post-179","page","type-page","status-publish"],"yoast_head":"<!-- This site is optimized with the Yoast SEO plugin v26.4 - https:\/\/yoast.com\/wordpress\/plugins\/seo\/ -->\n<title>POL\u00cdTICAS DE PRIVACIDAD - Restaurante Dalhaisal<\/title>\n<meta name=\"robots\" content=\"index, follow, max-snippet:-1, max-image-preview:large, max-video-preview:-1\" \/>\n<link rel=\"canonical\" href=\"https:\/\/restaurantedalhaisal.com\/en\/politica-de-privacidad\/\" \/>\n<meta property=\"og:locale\" content=\"en_GB\" \/>\n<meta property=\"og:type\" content=\"article\" \/>\n<meta property=\"og:title\" content=\"POL\u00cdTICAS DE PRIVACIDAD - Restaurante Dalhaisal\" \/>\n<meta property=\"og:description\" content=\"POL\u00cdTICAS DE PRIVACIDAD El cumplimiento de la Ley 34\/2002, de 11 de julio, de Servicios de la Sociedad de la Informaci\u00f3n y Comercio Electr\u00f3nico (LSSICE) es obligatorio para todos los usuarios o empresas que desarrollen actividades econ\u00f3micas en Internet, o en medios de la Sociedad de la Informaci\u00f3n. Es decir, todas las p\u00e1ginas web, eCommerce, ... Read more\" \/>\n<meta property=\"og:url\" content=\"https:\/\/restaurantedalhaisal.com\/en\/politica-de-privacidad\/\" \/>\n<meta property=\"og:site_name\" content=\"Restaurante Dalhaisal\" \/>\n<meta property=\"article:modified_time\" content=\"2024-01-18T19:40:17+00:00\" \/>\n<meta name=\"twitter:card\" content=\"summary_large_image\" \/>\n<meta name=\"twitter:label1\" content=\"Estimated reading time\" \/>\n\t<meta name=\"twitter:data1\" content=\"9 minutes\" \/>\n<script type=\"application\/ld+json\" class=\"yoast-schema-graph\">{\"@context\":\"https:\/\/schema.org\",\"@graph\":[{\"@type\":\"WebPage\",\"@id\":\"https:\/\/restaurantedalhaisal.com\/en\/politica-de-privacidad\/\",\"url\":\"https:\/\/restaurantedalhaisal.com\/en\/politica-de-privacidad\/\",\"name\":\"POL\u00cdTICAS DE PRIVACIDAD - Restaurante Dalhaisal\",\"isPartOf\":{\"@id\":\"https:\/\/restaurantedalhaisal.com\/en\/#website\"},\"datePublished\":\"2023-07-17T11:36:19+00:00\",\"dateModified\":\"2024-01-18T19:40:17+00:00\",\"breadcrumb\":{\"@id\":\"https:\/\/restaurantedalhaisal.com\/en\/politica-de-privacidad\/#breadcrumb\"},\"inLanguage\":\"en-GB\",\"potentialAction\":[{\"@type\":\"ReadAction\",\"target\":[\"https:\/\/restaurantedalhaisal.com\/en\/politica-de-privacidad\/\"]}]},{\"@type\":\"BreadcrumbList\",\"@id\":\"https:\/\/restaurantedalhaisal.com\/en\/politica-de-privacidad\/#breadcrumb\",\"itemListElement\":[{\"@type\":\"ListItem\",\"position\":1,\"name\":\"Portada\",\"item\":\"https:\/\/restaurantedalhaisal.com\/\"},{\"@type\":\"ListItem\",\"position\":2,\"name\":\"POL\u00cdTICAS DE PRIVACIDAD\"}]},{\"@type\":\"WebSite\",\"@id\":\"https:\/\/restaurantedalhaisal.com\/en\/#website\",\"url\":\"https:\/\/restaurantedalhaisal.com\/en\/\",\"name\":\"Restaurante Dalhaisal\",\"description\":\"Cocina creativa fusionada con cocina tradicional\",\"publisher\":{\"@id\":\"https:\/\/restaurantedalhaisal.com\/en\/#organization\"},\"potentialAction\":[{\"@type\":\"SearchAction\",\"target\":{\"@type\":\"EntryPoint\",\"urlTemplate\":\"https:\/\/restaurantedalhaisal.com\/en\/?s={search_term_string}\"},\"query-input\":{\"@type\":\"PropertyValueSpecification\",\"valueRequired\":true,\"valueName\":\"search_term_string\"}}],\"inLanguage\":\"en-GB\"},{\"@type\":\"Organization\",\"@id\":\"https:\/\/restaurantedalhaisal.com\/en\/#organization\",\"name\":\"Restaurante Dalhaisal\",\"url\":\"https:\/\/restaurantedalhaisal.com\/en\/\",\"logo\":{\"@type\":\"ImageObject\",\"inLanguage\":\"en-GB\",\"@id\":\"https:\/\/restaurantedalhaisal.com\/en\/#\/schema\/logo\/image\/\",\"url\":\"https:\/\/restaurantedalhaisal.com\/wp-content\/uploads\/2023\/07\/cropped-Restaurante-Dalhaisal.png\",\"contentUrl\":\"https:\/\/restaurantedalhaisal.com\/wp-content\/uploads\/2023\/07\/cropped-Restaurante-Dalhaisal.png\",\"width\":679,\"height\":473,\"caption\":\"Restaurante Dalhaisal\"},\"image\":{\"@id\":\"https:\/\/restaurantedalhaisal.com\/en\/#\/schema\/logo\/image\/\"}}]}<\/script>\n<!-- \/ Yoast SEO plugin. -->","yoast_head_json":{"title":"POL\u00cdTICAS DE PRIVACIDAD - Restaurante Dalhaisal","robots":{"index":"index","follow":"follow","max-snippet":"max-snippet:-1","max-image-preview":"max-image-preview:large","max-video-preview":"max-video-preview:-1"},"canonical":"https:\/\/restaurantedalhaisal.com\/en\/politica-de-privacidad\/","og_locale":"en_GB","og_type":"article","og_title":"POL\u00cdTICAS DE PRIVACIDAD - Restaurante Dalhaisal","og_description":"POL\u00cdTICAS DE PRIVACIDAD El cumplimiento de la Ley 34\/2002, de 11 de julio, de Servicios de la Sociedad de la Informaci\u00f3n y Comercio Electr\u00f3nico (LSSICE) es obligatorio para todos los usuarios o empresas que desarrollen actividades econ\u00f3micas en Internet, o en medios de la Sociedad de la Informaci\u00f3n. Es decir, todas las p\u00e1ginas web, eCommerce, ... Read more","og_url":"https:\/\/restaurantedalhaisal.com\/en\/politica-de-privacidad\/","og_site_name":"Restaurante Dalhaisal","article_modified_time":"2024-01-18T19:40:17+00:00","twitter_card":"summary_large_image","twitter_misc":{"Estimated reading time":"9 minutes"},"schema":{"@context":"https:\/\/schema.org","@graph":[{"@type":"WebPage","@id":"https:\/\/restaurantedalhaisal.com\/en\/politica-de-privacidad\/","url":"https:\/\/restaurantedalhaisal.com\/en\/politica-de-privacidad\/","name":"POL\u00cdTICAS DE PRIVACIDAD - Restaurante Dalhaisal","isPartOf":{"@id":"https:\/\/restaurantedalhaisal.com\/en\/#website"},"datePublished":"2023-07-17T11:36:19+00:00","dateModified":"2024-01-18T19:40:17+00:00","breadcrumb":{"@id":"https:\/\/restaurantedalhaisal.com\/en\/politica-de-privacidad\/#breadcrumb"},"inLanguage":"en-GB","potentialAction":[{"@type":"ReadAction","target":["https:\/\/restaurantedalhaisal.com\/en\/politica-de-privacidad\/"]}]},{"@type":"BreadcrumbList","@id":"https:\/\/restaurantedalhaisal.com\/en\/politica-de-privacidad\/#breadcrumb","itemListElement":[{"@type":"ListItem","position":1,"name":"Portada","item":"https:\/\/restaurantedalhaisal.com\/"},{"@type":"ListItem","position":2,"name":"POL\u00cdTICAS DE PRIVACIDAD"}]},{"@type":"WebSite","@id":"https:\/\/restaurantedalhaisal.com\/en\/#website","url":"https:\/\/restaurantedalhaisal.com\/en\/","name":"Restaurante Dalhaisal","description":"Cocina creativa fusionada con cocina tradicional","publisher":{"@id":"https:\/\/restaurantedalhaisal.com\/en\/#organization"},"potentialAction":[{"@type":"SearchAction","target":{"@type":"EntryPoint","urlTemplate":"https:\/\/restaurantedalhaisal.com\/en\/?s={search_term_string}"},"query-input":{"@type":"PropertyValueSpecification","valueRequired":true,"valueName":"search_term_string"}}],"inLanguage":"en-GB"},{"@type":"Organization","@id":"https:\/\/restaurantedalhaisal.com\/en\/#organization","name":"Restaurante Dalhaisal","url":"https:\/\/restaurantedalhaisal.com\/en\/","logo":{"@type":"ImageObject","inLanguage":"en-GB","@id":"https:\/\/restaurantedalhaisal.com\/en\/#\/schema\/logo\/image\/","url":"https:\/\/restaurantedalhaisal.com\/wp-content\/uploads\/2023\/07\/cropped-Restaurante-Dalhaisal.png","contentUrl":"https:\/\/restaurantedalhaisal.com\/wp-content\/uploads\/2023\/07\/cropped-Restaurante-Dalhaisal.png","width":679,"height":473,"caption":"Restaurante Dalhaisal"},"image":{"@id":"https:\/\/restaurantedalhaisal.com\/en\/#\/schema\/logo\/image\/"}}]}},"_links":{"self":[{"href":"https:\/\/restaurantedalhaisal.com\/en\/wp-json\/wp\/v2\/pages\/179","targetHints":{"allow":["GET"]}}],"collection":[{"href":"https:\/\/restaurantedalhaisal.com\/en\/wp-json\/wp\/v2\/pages"}],"about":[{"href":"https:\/\/restaurantedalhaisal.com\/en\/wp-json\/wp\/v2\/types\/page"}],"author":[{"embeddable":true,"href":"https:\/\/restaurantedalhaisal.com\/en\/wp-json\/wp\/v2\/users\/1"}],"replies":[{"embeddable":true,"href":"https:\/\/restaurantedalhaisal.com\/en\/wp-json\/wp\/v2\/comments?post=179"}],"version-history":[{"count":10,"href":"https:\/\/restaurantedalhaisal.com\/en\/wp-json\/wp\/v2\/pages\/179\/revisions"}],"predecessor-version":[{"id":1080,"href":"https:\/\/restaurantedalhaisal.com\/en\/wp-json\/wp\/v2\/pages\/179\/revisions\/1080"}],"wp:attachment":[{"href":"https:\/\/restaurantedalhaisal.com\/en\/wp-json\/wp\/v2\/media?parent=179"}],"curies":[{"name":"wp","href":"https:\/\/api.w.org\/{rel}","templated":true}]}}